{"id":31338,"date":"2025-05-21T15:36:48","date_gmt":"2025-05-21T15:36:48","guid":{"rendered":"https:\/\/prod.neuramind-ai.com\/?page_id=31338"},"modified":"2025-05-23T14:53:06","modified_gmt":"2025-05-23T14:53:06","slug":"mentions-legales","status":"publish","type":"page","link":"https:\/\/www.neuramind-ai.com\/nl\/mentions-legales\/","title":{"rendered":"Juridische informatie"},"content":{"rendered":"<div data-elementor-type=\"wp-page\" data-elementor-id=\"31338\" class=\"elementor elementor-31338\" data-elementor-post-type=\"page\">\n\t\t\t\t<div class=\"elementor-element elementor-element-65bcc65 e-flex e-con-boxed e-con e-parent\" data-id=\"65bcc65\" data-element_type=\"container\">\n\t\t\t\t\t<div class=\"e-con-inner\">\n\t\t\t\t<div class=\"elementor-element elementor-element-c8f5acd elementor-widget elementor-widget-heading\" data-id=\"c8f5acd\" data-element_type=\"widget\" data-widget_type=\"heading.default\">\n\t\t\t\t<div class=\"elementor-widget-container\">\n\t\t\t\t\t<h1 class=\"elementor-heading-title elementor-size-default\">Juridische informatie<\/h1>\t\t\t\t<\/div>\n\t\t\t\t<\/div>\n\t\t\t\t<div class=\"elementor-element elementor-element-44810d9 elementor-widget elementor-widget-text-editor\" data-id=\"44810d9\" data-element_type=\"widget\" data-widget_type=\"text-editor.default\">\n\t\t\t\t<div class=\"elementor-widget-container\">\n\t\t\t\t\t\t\t\t\t<h3 data-start=\"230\" data-end=\"251\"><span style=\"font-size: 1rem;\">De website&nbsp;<\/span><a style=\"background-color: #030b13; font-size: 1rem;\" href=\"https:\/\/www.neuramind-ai.com\/nl\/\" target=\"_blank\" rel=\"noopener\"><b>neuramind-ai.com<\/b><\/a><span style=\"font-size: 1rem;\">&nbsp;is gepubliceerd door :<\/span><\/h3>\n<div><span style=\"font-size: 1rem;\">&nbsp;<\/span><\/div>\n<h3 data-start=\"230\" data-end=\"251\">Uitgever<\/h3>\n<p data-start=\"252\" data-end=\"571\"><strong data-start=\"306\" data-end=\"319\">Neuramind AI<\/strong><br data-start=\"319\" data-end=\"322\">SAS geregistreerd bij de R.C.S. van Lorient<br data-start=\"359\" data-end=\"362\">SIRET: 94323009400014<br data-start=\"387\" data-end=\"390\">Hoofdkantoor: 17 rue de la Marine, 56950 Crach, Frankrijk<br data-start=\"494\" data-end=\"497\">Verantwoordelijk voor publicatie : <strong data-start=\"529\" data-end=\"550\">Philippe Bonhomme<\/strong> (wettelijk vertegenwoordiger)<\/p>\n<h3 data-start=\"573\" data-end=\"590\">Hosting<\/h3>\n<p data-start=\"591\" data-end=\"761\">De site wordt gehost door :<br data-start=\"616\" data-end=\"619\"><strong data-start=\"619\" data-end=\"644\">Infomaniak Netwerk SA<\/strong><br data-start=\"644\" data-end=\"647\">Rue Eug\u00e8ne-Marziano 25, 1227 Les Acacias, Gen\u00e8ve, Zwitserland<br data-start=\"703\" data-end=\"706\">Site : <a href=\"https:\/\/www.infomaniak.com\" target=\"_new\" rel=\"noopener\" data-start=\"713\" data-end=\"761\">www.infomaniak.com<\/a><\/p>\n<h3 data-start=\"763\" data-end=\"785\">Website maken<\/h3>\n<p data-start=\"786\" data-end=\"887\">Ontwerp en ontwikkeling :&nbsp;<b>WETECHFORYOU<\/b><br data-start=\"840\" data-end=\"843\">Redactie : <strong data-start=\"866\" data-end=\"887\">Bertrand Roger<\/strong><\/p>\n<h3 data-start=\"889\" data-end=\"919\">Intellectueel eigendom<\/h3>\n<p data-start=\"920\" data-end=\"1223\">Alle inhoud op de neuramind-ai.com website (tekst, afbeeldingen, illustraties, video's, logo's, enz.) is het exclusieve eigendom van Neuramind, tenzij anders vermeld. Elke gehele of gedeeltelijke reproductie, weergave, verspreiding of gebruik zonder voorafgaande toestemming is verboden.<\/p>\n<h3 data-start=\"1225\" data-end=\"1251\">Persoonlijke gegevens<\/h3>\n<p data-start=\"1252\" data-end=\"1407\">In overeenstemming met de General Data Protection Regulation (GDPR) hebben gebruikers van de site de volgende rechten met betrekking tot hun gegevens:<\/p>\n<ul data-start=\"1408\" data-end=\"1500\">\n<li data-start=\"1408\" data-end=\"1425\">\n<p data-start=\"1410\" data-end=\"1425\">Recht op toegang<\/p>\n<\/li>\n<li data-start=\"1426\" data-end=\"1452\">\n<p data-start=\"1428\" data-end=\"1452\">Recht op correctie<\/p>\n<\/li>\n<li data-start=\"1453\" data-end=\"1475\">\n<p data-start=\"1455\" data-end=\"1475\">Recht op bezwaar<\/p>\n<\/li>\n<li data-start=\"1476\" data-end=\"1500\">\n<p data-start=\"1478\" data-end=\"1500\">Recht op verwijdering<\/p>\n<\/li>\n<\/ul>\n<p data-start=\"1502\" data-end=\"1622\">Om deze rechten uit te oefenen, kunt u contact opnemen met :<br data-start=\"1550\" data-end=\"1553\"><strong data-start=\"1556\" data-end=\"1580\"><a href=\"mailto:philippe@neuramind-ai.com\">philippe@neuramind-ai.com<\/a><\/strong><\/p>\n<p data-start=\"1624\" data-end=\"1797\">Er worden geen persoonlijke gegevens verzameld zonder toestemming. Alle informatie die via formulieren wordt verzameld, is uitsluitend voor intern gebruik.<\/p>\n<h3 data-start=\"1799\" data-end=\"1812\">Cookies<\/h3>\n<p data-start=\"1813\" data-end=\"2051\">De website <strong data-start=\"1774\" data-end=\"1813\">neuramind-ai.com gebruikt geen cookies<\/strong> voor tracering, publieksmeting of advertentiedoeleinden. Uw browsen wordt niet gevolgd.<\/p>\t\t\t\t\t\t\t\t<\/div>\n\t\t\t\t<\/div>\n\t\t\t\t\t<\/div>\n\t\t\t\t<\/div>\n\t\t\t\t<\/div>","protected":false},"excerpt":{"rendered":"<p>Mentions l\u00e9gales Le site&nbsp;neuramind-ai.com&nbsp;est \u00e9dit\u00e9 par la soci\u00e9t\u00e9 : &nbsp; \u00c9diteur du site Neuramind AISAS immatricul\u00e9e au R.C.S. de LorientSIRET : 94323009400014Si\u00e8ge social : 17 rue de la Marine, 56950 Crach, FranceResponsable de la publication : Philippe Bonhomme (Repr\u00e9sentant l\u00e9gal) H\u00e9bergement Le site est h\u00e9berg\u00e9 par :Infomaniak Network SARue Eug\u00e8ne-Marziano 25, 1227 Les Acacias, Gen\u00e8ve, [&hellip;]<\/p>","protected":false},"author":1,"featured_media":0,"parent":0,"menu_order":0,"comment_status":"closed","ping_status":"closed","template":"","meta":{"footnotes":""},"class_list":["post-31338","page","type-page","status-publish","hentry"],"_links":{"self":[{"href":"https:\/\/www.neuramind-ai.com\/nl\/wp-json\/wp\/v2\/pages\/31338","targetHints":{"allow":["GET"]}}],"collection":[{"href":"https:\/\/www.neuramind-ai.com\/nl\/wp-json\/wp\/v2\/pages"}],"about":[{"href":"https:\/\/www.neuramind-ai.com\/nl\/wp-json\/wp\/v2\/types\/page"}],"author":[{"embeddable":true,"href":"https:\/\/www.neuramind-ai.com\/nl\/wp-json\/wp\/v2\/users\/1"}],"replies":[{"embeddable":true,"href":"https:\/\/www.neuramind-ai.com\/nl\/wp-json\/wp\/v2\/comments?post=31338"}],"version-history":[{"count":28,"href":"https:\/\/www.neuramind-ai.com\/nl\/wp-json\/wp\/v2\/pages\/31338\/revisions"}],"predecessor-version":[{"id":32141,"href":"https:\/\/www.neuramind-ai.com\/nl\/wp-json\/wp\/v2\/pages\/31338\/revisions\/32141"}],"wp:attachment":[{"href":"https:\/\/www.neuramind-ai.com\/nl\/wp-json\/wp\/v2\/media?parent=31338"}],"curies":[{"name":"wp","href":"https:\/\/api.w.org\/{rel}","templated":true}]}}