{"id":31430,"date":"2025-05-22T09:49:16","date_gmt":"2025-05-22T09:49:16","guid":{"rendered":"https:\/\/prod.neuramind-ai.com\/?page_id=31430"},"modified":"2025-05-23T16:39:16","modified_gmt":"2025-05-23T16:39:16","slug":"notre-histoire","status":"publish","type":"page","link":"https:\/\/www.neuramind-ai.com\/es\/notre-histoire\/","title":{"rendered":"Nuestra historia"},"content":{"rendered":"<div data-elementor-type=\"wp-page\" data-elementor-id=\"31430\" class=\"elementor elementor-31430\" data-elementor-post-type=\"page\">\n\t\t\t\t<div class=\"elementor-element elementor-element-545479bb e-con-full animated-slow e-flex elementor-invisible e-con e-parent\" data-id=\"545479bb\" data-element_type=\"container\" data-settings=\"{&quot;background_background&quot;:&quot;classic&quot;,&quot;animation&quot;:&quot;fadeInDown&quot;}\">\n\t\t<div class=\"elementor-element elementor-element-5cf8a7b6 e-con-full e-flex e-con e-child\" data-id=\"5cf8a7b6\" data-element_type=\"container\" data-settings=\"{&quot;background_background&quot;:&quot;classic&quot;}\">\n\t\t\t\t<div class=\"elementor-element elementor-element-6d8b68a9 elementor-position-left elementor-vertical-align-middle elementor-view-default elementor-mobile-position-top elementor-widget elementor-widget-icon-box\" data-id=\"6d8b68a9\" data-element_type=\"widget\" data-widget_type=\"icon-box.default\">\n\t\t\t\t<div class=\"elementor-widget-container\">\n\t\t\t\t\t\t\t<div class=\"elementor-icon-box-wrapper\">\n\n\t\t\t\t\t\t<div class=\"elementor-icon-box-icon\">\n\t\t\t\t<span  class=\"elementor-icon\">\n\t\t\t\t<svg aria-hidden=\"true\" class=\"e-font-icon-svg e-fas-star\" viewbox=\"0 0 576 512\" xmlns=\"http:\/\/www.w3.org\/2000\/svg\"><path d=\"M259.3 17.8L194 150.2 47.9 171.5c-26.2 3.8-36.7 36.1-17.7 54.6l105.7 103-25 145.5c-4.5 26.3 23.2 46 46.4 33.7L288 439.6l130.7 68.7c23.2 12.2 50.9-7.4 46.4-33.7l-25-145.5 105.7-103c19-18.5 8.5-50.8-17.7-54.6L382 150.2 316.7 17.8c-11.7-23.6-45.6-23.9-57.4 0z\"><\/path><\/svg>\t\t\t\t<\/span>\n\t\t\t<\/div>\n\t\t\t\n\t\t\t\t\t\t<div class=\"elementor-icon-box-content\">\n\n\t\t\t\t\t\t\t\t\t<h3 class=\"elementor-icon-box-title\">\n\t\t\t\t\t\t<span  >\n\t\t\t\t\t\t\t\u00bfQui\u00e9nes somos?\t\t\t\t\t\t<\/span>\n\t\t\t\t\t<\/h3>\n\t\t\t\t\n\t\t\t\t\n\t\t\t<\/div>\n\t\t\t\n\t\t<\/div>\n\t\t\t\t\t\t<\/div>\n\t\t\t\t<\/div>\n\t\t\t\t<div class=\"elementor-element elementor-element-cb3eed elementor-widget elementor-widget-heading\" data-id=\"cb3eed\" data-element_type=\"widget\" data-widget_type=\"heading.default\">\n\t\t\t\t<div class=\"elementor-widget-container\">\n\t\t\t\t\t<h2 class=\"elementor-heading-title elementor-size-default\">Descubra nuestra historia<\/h2>\t\t\t\t<\/div>\n\t\t\t\t<\/div>\n\t\t\t\t<div class=\"elementor-element elementor-element-607a36cd elementor-widget elementor-widget-text-editor\" data-id=\"607a36cd\" data-element_type=\"widget\" data-widget_type=\"text-editor.default\">\n\t\t\t\t<div class=\"elementor-widget-container\">\n\t\t\t\t\t\t\t\t\tNuestra historia: Neuramind AI, inteligencia al servicio de tu ambici\u00f3n.\t\t\t\t\t\t\t\t<\/div>\n\t\t\t\t<\/div>\n\t\t\t\t<\/div>\n\t\t\t\t<\/div>\n\t\t<div class=\"elementor-element elementor-element-806e6da animated-slow e-flex e-con-boxed elementor-invisible e-con e-parent\" data-id=\"806e6da\" data-element_type=\"container\" data-settings=\"{&quot;animation&quot;:&quot;fadeIn&quot;}\">\n\t\t\t\t\t<div class=\"e-con-inner\">\n\t\t<div class=\"elementor-element elementor-element-1a46ae4 e-con-full e-flex e-con e-child\" data-id=\"1a46ae4\" data-element_type=\"container\">\n\t\t\t\t<div class=\"elementor-element elementor-element-f12ebe0 elementor-widget elementor-widget-image\" data-id=\"f12ebe0\" data-element_type=\"widget\" data-widget_type=\"image.default\">\n\t\t\t\t<div class=\"elementor-widget-container\">\n\t\t\t\t\t\t\t\t\t\t\t\t\t\t\t<img fetchpriority=\"high\" decoding=\"async\" width=\"800\" height=\"800\" src=\"https:\/\/www.neuramind-ai.com\/wp-content\/uploads\/2025\/05\/ChatGPT-Image-23-mai-2025-16_40_55.png\" class=\"attachment-large size-large wp-image-32095\" alt=\"\" srcset=\"https:\/\/www.neuramind-ai.com\/wp-content\/uploads\/2025\/05\/ChatGPT-Image-23-mai-2025-16_40_55.png 1024w, https:\/\/www.neuramind-ai.com\/wp-content\/uploads\/2025\/05\/ChatGPT-Image-23-mai-2025-16_40_55-300x300.png 300w, https:\/\/www.neuramind-ai.com\/wp-content\/uploads\/2025\/05\/ChatGPT-Image-23-mai-2025-16_40_55-150x150.png 150w, https:\/\/www.neuramind-ai.com\/wp-content\/uploads\/2025\/05\/ChatGPT-Image-23-mai-2025-16_40_55-768x768.png 768w\" sizes=\"(max-width: 800px) 100vw, 800px\" \/>\t\t\t\t\t\t\t\t\t\t\t\t\t\t\t<\/div>\n\t\t\t\t<\/div>\n\t\t\t\t<\/div>\n\t\t<div class=\"elementor-element elementor-element-5cc3ad8 e-con-full e-flex e-con e-child\" data-id=\"5cc3ad8\" data-element_type=\"container\">\n\t\t\t\t<div class=\"elementor-element elementor-element-b066132 animated-slow elementor-invisible elementor-widget elementor-widget-text-editor\" data-id=\"b066132\" data-element_type=\"widget\" data-settings=\"{&quot;_animation&quot;:&quot;fadeIn&quot;}\" data-widget_type=\"text-editor.default\">\n\t\t\t\t<div class=\"elementor-widget-container\">\n\t\t\t\t\t\t\t\t\t<h3 dir=\"ltr\">Neuramind AI, inteligencia al servicio de tu ambici\u00f3n<\/h3><p dir=\"ltr\">Todo empez\u00f3 con una s\u00f3lida amistad y dos pasiones que nos consumen: la inteligencia artificial y el deporte. Somos tres socios, tres amigos, y hemos bautizado nuestra aventura como Neuramind AI.<\/p><p dir=\"ltr\">\u00bfPor qu\u00e9 este nombre? Porque encarna nuestro enfoque: combinar el poder de las redes neuronales de IA con la inteligencia humana y estrat\u00e9gica (mente) para multiplicar por diez el rendimiento empresarial.<\/p>\t\t\t\t\t\t\t\t<\/div>\n\t\t\t\t<\/div>\n\t\t\t\t<\/div>\n\t\t\t\t\t<\/div>\n\t\t\t\t<\/div>\n\t\t<div class=\"elementor-element elementor-element-2c1217e e-flex e-con-boxed e-con e-parent\" data-id=\"2c1217e\" data-element_type=\"container\" data-settings=\"{&quot;background_background&quot;:&quot;classic&quot;}\">\n\t\t\t\t\t<div class=\"e-con-inner\">\n\t\t\t\t<div class=\"elementor-element elementor-element-042844b elementor-widget elementor-widget-heading\" data-id=\"042844b\" data-element_type=\"widget\" data-widget_type=\"heading.default\">\n\t\t\t\t<div class=\"elementor-widget-container\">\n\t\t\t\t\t<h3 class=\"elementor-heading-title elementor-size-default\">Nuestros puntos fuertes<\/h3>\t\t\t\t<\/div>\n\t\t\t\t<\/div>\n\t\t\t\t<div class=\"elementor-element elementor-element-113bc9b elementor-widget elementor-widget-text-editor\" data-id=\"113bc9b\" data-element_type=\"widget\" data-widget_type=\"text-editor.default\">\n\t\t\t\t<div class=\"elementor-widget-container\">\n\t\t\t\t\t\t\t\t\tEn <b>s\u00f3lidos valores humanos<\/b>a <b>conocimiento enciclop\u00e9dico<\/b> Herramientas\/informaci\u00f3n sobre IA y un <b>contrataci\u00f3n permanente<\/b> (en AI 1 semana = 1 a\u00f1o).\t\t\t\t\t\t\t\t<\/div>\n\t\t\t\t<\/div>\n\t\t\t\t\t<\/div>\n\t\t\t\t<\/div>\n\t\t<div class=\"elementor-element elementor-element-a635a88 e-flex e-con-boxed e-con e-parent\" data-id=\"a635a88\" data-element_type=\"container\">\n\t\t\t\t\t<div class=\"e-con-inner\">\n\t\t<div class=\"elementor-element elementor-element-46b3de3 e-con-full e-flex e-con e-child\" data-id=\"46b3de3\" data-element_type=\"container\">\n\t\t\t\t<div class=\"elementor-element elementor-element-8a6b381 elementor-widget elementor-widget-image\" data-id=\"8a6b381\" data-element_type=\"widget\" data-widget_type=\"image.default\">\n\t\t\t\t<div class=\"elementor-widget-container\">\n\t\t\t\t\t\t\t\t\t\t\t\t\t\t\t<img decoding=\"async\" width=\"800\" height=\"800\" src=\"https:\/\/www.neuramind-ai.com\/wp-content\/uploads\/2025\/05\/20250523_1142_Assistant-IA-en-Securite_remix_01jvy8972nf3pafx8zr6b3vgjj.png\" class=\"attachment-large size-large wp-image-31987\" alt=\"\" srcset=\"https:\/\/www.neuramind-ai.com\/wp-content\/uploads\/2025\/05\/20250523_1142_Assistant-IA-en-Securite_remix_01jvy8972nf3pafx8zr6b3vgjj.png 1024w, https:\/\/www.neuramind-ai.com\/wp-content\/uploads\/2025\/05\/20250523_1142_Assistant-IA-en-Securite_remix_01jvy8972nf3pafx8zr6b3vgjj-300x300.png 300w, https:\/\/www.neuramind-ai.com\/wp-content\/uploads\/2025\/05\/20250523_1142_Assistant-IA-en-Securite_remix_01jvy8972nf3pafx8zr6b3vgjj-150x150.png 150w, https:\/\/www.neuramind-ai.com\/wp-content\/uploads\/2025\/05\/20250523_1142_Assistant-IA-en-Securite_remix_01jvy8972nf3pafx8zr6b3vgjj-768x768.png 768w\" sizes=\"(max-width: 800px) 100vw, 800px\" \/>\t\t\t\t\t\t\t\t\t\t\t\t\t\t\t<\/div>\n\t\t\t\t<\/div>\n\t\t\t\t<\/div>\n\t\t<div class=\"elementor-element elementor-element-3dac7fc e-con-full e-flex e-con e-child\" data-id=\"3dac7fc\" data-element_type=\"container\">\n\t\t\t\t<div class=\"elementor-element elementor-element-bd73d85 animated-slow elementor-invisible elementor-widget elementor-widget-text-editor\" data-id=\"bd73d85\" data-element_type=\"widget\" data-settings=\"{&quot;_animation&quot;:&quot;fadeIn&quot;}\" data-widget_type=\"text-editor.default\">\n\t\t\t\t<div class=\"elementor-widget-container\">\n\t\t\t\t\t\t\t\t\t<p>Hemos visto a muchos emprendedores con talento frenados por tareas repetitivas y lentas sin valor a\u00f1adido real. Su energ\u00eda se desviaba de lo que realmente importaba: la estrategia, el crecimiento y el impacto. Ah\u00ed es donde Neuramind AI ech\u00f3 ra\u00edces.<\/p><p>\u00bfY si nuestra complementariedad se convirtiera en su fuerza?<\/p><ul><li>Uno destaca en la optimizaci\u00f3n de los procesos empresariales.<\/li><li>Otro es un ingeniero\/desarrollador capaz de traducir ideas complejas en herramientas de alto rendimiento.<\/li><li>El tercero es un empresario de IA y marketing, que alinea tecnolog\u00eda y estrategia empresarial.<\/li><\/ul><div>\u00a0<\/div><p>Esta alianza ha dado lugar a nuestra misi\u00f3n: liberar el potencial de las empresas a trav\u00e9s de la IA. Vamos m\u00e1s all\u00e1 de lo t\u00e9cnico para apoyar a nuestros clientes en su visi\u00f3n, estrategia y prioridades.<\/p>\t\t\t\t\t\t\t\t<\/div>\n\t\t\t\t<\/div>\n\t\t\t\t<\/div>\n\t\t\t\t\t<\/div>\n\t\t\t\t<\/div>\n\t\t<div class=\"elementor-element elementor-element-3068d5fb e-con-full e-flex e-con e-parent\" data-id=\"3068d5fb\" data-element_type=\"container\" data-settings=\"{&quot;background_background&quot;:&quot;classic&quot;}\">\n\t\t<div class=\"elementor-element elementor-element-e67c9d1 e-flex e-con-boxed e-con e-child\" data-id=\"e67c9d1\" data-element_type=\"container\">\n\t\t\t\t\t<div class=\"e-con-inner\">\n\t\t\t\t<div class=\"elementor-element elementor-element-4372311 elementor-widget elementor-widget-heading\" data-id=\"4372311\" data-element_type=\"widget\" data-widget_type=\"heading.default\">\n\t\t\t\t<div class=\"elementor-widget-container\">\n\t\t\t\t\t<h3 class=\"elementor-heading-title elementor-size-default\">Equipo Neuramind<\/h3>\t\t\t\t<\/div>\n\t\t\t\t<\/div>\n\t\t\t\t\t<\/div>\n\t\t\t\t<\/div>\n\t\t<div class=\"elementor-element elementor-element-1e00ec02 e-flex e-con-boxed e-con e-child\" data-id=\"1e00ec02\" data-element_type=\"container\">\n\t\t\t\t\t<div class=\"e-con-inner\">\n\t\t\t\t<div class=\"elementor-element elementor-element-2e3db4 elementor-widget__width-initial elementor-widget-tablet__width-initial elementor-widget-mobile__width-inherit elementor-cta--skin-classic elementor-animated-content elementor-invisible elementor-widget elementor-widget-call-to-action\" data-id=\"2e3db4\" data-element_type=\"widget\" data-settings=\"{&quot;_animation&quot;:&quot;fadeInUp&quot;}\" data-widget_type=\"call-to-action.default\">\n\t\t\t\t<div class=\"elementor-widget-container\">\n\t\t\t\t\t\t\t<div class=\"elementor-cta\">\n\t\t\t\t\t\t\t<div class=\"elementor-cta__content\">\n\t\t\t\t\n\t\t\t\t\t\t\t\t\t<span class=\"elementor-cta__title elementor-cta__content-item elementor-content-item\">\n\t\t\t\t\t\tPhilippe\t\t\t\t\t<\/span>\n\t\t\t\t\n\t\t\t\t\t\t\t\t\t<div class=\"elementor-cta__description elementor-cta__content-item elementor-content-item\">\n\t\t\t\t\t\tPresidente\t\t\t\t\t<\/div>\n\t\t\t\t\n\t\t\t\t\t\t\t<\/div>\n\t\t\t\t\t\t<\/div>\n\t\t\t\t\t\t<\/div>\n\t\t\t\t<\/div>\n\t\t\t\t<div class=\"elementor-element elementor-element-7486138d elementor-widget__width-initial elementor-widget-tablet__width-initial elementor-widget-mobile__width-inherit elementor-cta--skin-classic elementor-animated-content elementor-invisible elementor-widget elementor-widget-call-to-action\" data-id=\"7486138d\" data-element_type=\"widget\" data-settings=\"{&quot;_animation&quot;:&quot;fadeInUp&quot;}\" data-widget_type=\"call-to-action.default\">\n\t\t\t\t<div class=\"elementor-widget-container\">\n\t\t\t\t\t\t\t<div class=\"elementor-cta\">\n\t\t\t\t\t\t\t<div class=\"elementor-cta__content\">\n\t\t\t\t\n\t\t\t\t\t\t\t\t\t<span class=\"elementor-cta__title elementor-cta__content-item elementor-content-item\">\n\t\t\t\t\t\tCyril\t\t\t\t\t<\/span>\n\t\t\t\t\n\t\t\t\t\t\t\t\t\t<div class=\"elementor-cta__description elementor-cta__content-item elementor-content-item\">\n\t\t\t\t\t\tDirector t\u00e9cnico\t\t\t\t\t<\/div>\n\t\t\t\t\n\t\t\t\t\t\t\t<\/div>\n\t\t\t\t\t\t<\/div>\n\t\t\t\t\t\t<\/div>\n\t\t\t\t<\/div>\n\t\t\t\t<div class=\"elementor-element elementor-element-5ead5301 elementor-widget__width-initial elementor-widget-tablet__width-initial elementor-widget-mobile__width-inherit elementor-cta--skin-classic elementor-animated-content elementor-invisible elementor-widget elementor-widget-call-to-action\" data-id=\"5ead5301\" data-element_type=\"widget\" data-settings=\"{&quot;_animation&quot;:&quot;fadeInUp&quot;}\" data-widget_type=\"call-to-action.default\">\n\t\t\t\t<div class=\"elementor-widget-container\">\n\t\t\t\t\t\t\t<div class=\"elementor-cta\">\n\t\t\t\t\t\t\t<div class=\"elementor-cta__content\">\n\t\t\t\t\n\t\t\t\t\t\t\t\t\t<span class=\"elementor-cta__title elementor-cta__content-item elementor-content-item\">\n\t\t\t\t\t\tBertrand\t\t\t\t\t<\/span>\n\t\t\t\t\n\t\t\t\t\t\t\t\t\t<div class=\"elementor-cta__description elementor-cta__content-item elementor-content-item\">\n\t\t\t\t\t\tDirector General\t\t\t\t\t<\/div>\n\t\t\t\t\n\t\t\t\t\t\t\t<\/div>\n\t\t\t\t\t\t<\/div>\n\t\t\t\t\t\t<\/div>\n\t\t\t\t<\/div>\n\t\t\t\t\t<\/div>\n\t\t\t\t<\/div>\n\t\t\t\t<\/div>\n\t\t<div class=\"elementor-element elementor-element-f188c91 e-flex e-con-boxed e-con e-parent\" data-id=\"f188c91\" data-element_type=\"container\" data-settings=\"{&quot;background_background&quot;:&quot;classic&quot;}\">\n\t\t\t\t\t<div class=\"e-con-inner\">\n\t\t\t\t<div class=\"elementor-element elementor-element-bdd0d76 elementor-widget elementor-widget-heading\" data-id=\"bdd0d76\" data-element_type=\"widget\" data-widget_type=\"heading.default\">\n\t\t\t\t<div class=\"elementor-widget-container\">\n\t\t\t\t\t<h3 class=\"elementor-heading-title elementor-size-default\">Nuestro objetivo <\/h3>\t\t\t\t<\/div>\n\t\t\t\t<\/div>\n\t\t\t\t<div class=\"elementor-element elementor-element-821b219 elementor-widget elementor-widget-text-editor\" data-id=\"821b219\" data-element_type=\"widget\" data-widget_type=\"text-editor.default\">\n\t\t\t\t<div class=\"elementor-widget-container\">\n\t\t\t\t\t\t\t\t\t<p>Ayudarle a volver a centrarse en lo que realmente importa: <b>innovar, gestionar, rendir<\/b>.<\/p>\t\t\t\t\t\t\t\t<\/div>\n\t\t\t\t<\/div>\n\t\t\t\t\t<\/div>\n\t\t\t\t<\/div>\n\t\t<div class=\"elementor-element elementor-element-3ce366dd e-flex e-con-boxed e-con e-parent\" data-id=\"3ce366dd\" data-element_type=\"container\" id=\"next\" data-settings=\"{&quot;background_background&quot;:&quot;classic&quot;}\">\n\t\t\t\t\t<div class=\"e-con-inner\">\n\t\t\t\t<div class=\"elementor-element elementor-element-2cbcb7d5 elementor-widget elementor-widget-heading\" data-id=\"2cbcb7d5\" data-element_type=\"widget\" data-widget_type=\"heading.default\">\n\t\t\t\t<div class=\"elementor-widget-container\">\n\t\t\t\t\t<h3 class=\"elementor-heading-title elementor-size-default\">Nuestros valores<\/h3>\t\t\t\t<\/div>\n\t\t\t\t<\/div>\n\t\t<div class=\"elementor-element elementor-element-47a20cf4 e-con-full e-flex e-con e-child\" data-id=\"47a20cf4\" data-element_type=\"container\">\n\t\t<div class=\"elementor-element elementor-element-79892fa5 e-con-full e-flex e-con e-child\" data-id=\"79892fa5\" data-element_type=\"container\">\n\t\t\t\t<div class=\"elementor-element elementor-element-21c11725 elementor-widget__width-auto elementor-widget-mobile__width-inherit elementor-invisible elementor-widget elementor-widget-heading\" data-id=\"21c11725\" data-element_type=\"widget\" data-settings=\"{&quot;_animation&quot;:&quot;fadeInRight&quot;}\" data-widget_type=\"heading.default\">\n\t\t\t\t<div class=\"elementor-widget-container\">\n\t\t\t\t\t<p class=\"elementor-heading-title elementor-size-default\">01<\/p>\t\t\t\t<\/div>\n\t\t\t\t<\/div>\n\t\t\t\t<div class=\"elementor-element elementor-element-22573479 elementor-widget__width-initial elementor-widget-tablet__width-initial elementor-widget-mobile__width-inherit elementor-widget elementor-widget-icon-box\" data-id=\"22573479\" data-element_type=\"widget\" data-widget_type=\"icon-box.default\">\n\t\t\t\t<div class=\"elementor-widget-container\">\n\t\t\t\t\t\t\t<div class=\"elementor-icon-box-wrapper\">\n\n\t\t\t\n\t\t\t\t\t\t<div class=\"elementor-icon-box-content\">\n\n\t\t\t\t\t\t\t\t\t<h4 class=\"elementor-icon-box-title\">\n\t\t\t\t\t\t<span  >\n\t\t\t\t\t\t\tInnovar \t\t\t\t\t\t<\/span>\n\t\t\t\t\t<\/h4>\n\t\t\t\t\n\t\t\t\t\t\t\t\t\t<p class=\"elementor-icon-box-description\">\n\t\t\t\t\t\testar siempre a la vanguardia para anticiparse a las necesidades\t\t\t\t\t<\/p>\n\t\t\t\t\n\t\t\t<\/div>\n\t\t\t\n\t\t<\/div>\n\t\t\t\t\t\t<\/div>\n\t\t\t\t<\/div>\n\t\t\t\t<\/div>\n\t\t<div class=\"elementor-element elementor-element-7739e40d e-con-full e-flex e-con e-child\" data-id=\"7739e40d\" data-element_type=\"container\">\n\t\t\t\t<div class=\"elementor-element elementor-element-6ab9be50 elementor-widget__width-auto elementor-widget-mobile__width-inherit elementor-invisible elementor-widget elementor-widget-heading\" data-id=\"6ab9be50\" data-element_type=\"widget\" data-settings=\"{&quot;_animation&quot;:&quot;fadeInRight&quot;}\" data-widget_type=\"heading.default\">\n\t\t\t\t<div class=\"elementor-widget-container\">\n\t\t\t\t\t<p class=\"elementor-heading-title elementor-size-default\">02<\/p>\t\t\t\t<\/div>\n\t\t\t\t<\/div>\n\t\t\t\t<div class=\"elementor-element elementor-element-c350520 elementor-widget__width-initial elementor-widget-tablet__width-initial elementor-widget-mobile__width-inherit elementor-widget elementor-widget-icon-box\" data-id=\"c350520\" data-element_type=\"widget\" data-widget_type=\"icon-box.default\">\n\t\t\t\t<div class=\"elementor-widget-container\">\n\t\t\t\t\t\t\t<div class=\"elementor-icon-box-wrapper\">\n\n\t\t\t\n\t\t\t\t\t\t<div class=\"elementor-icon-box-content\">\n\n\t\t\t\t\t\t\t\t\t<h4 class=\"elementor-icon-box-title\">\n\t\t\t\t\t\t<span  >\n\t\t\t\t\t\t\tExcel\t\t\t\t\t\t<\/span>\n\t\t\t\t\t<\/h4>\n\t\t\t\t\n\t\t\t\t\t\t\t\t\t<p class=\"elementor-icon-box-description\">\n\t\t\t\t\t\tprescribir\/ofrecer soluciones que sean r\u00e1pidamente eficientes, s\u00f3lidas y eficaces.\t\t\t\t\t<\/p>\n\t\t\t\t\n\t\t\t<\/div>\n\t\t\t\n\t\t<\/div>\n\t\t\t\t\t\t<\/div>\n\t\t\t\t<\/div>\n\t\t\t\t<\/div>\n\t\t<div class=\"elementor-element elementor-element-7458f597 e-con-full e-flex e-con e-child\" data-id=\"7458f597\" data-element_type=\"container\">\n\t\t\t\t<div class=\"elementor-element elementor-element-1967372e elementor-widget__width-auto elementor-widget-mobile__width-inherit elementor-invisible elementor-widget elementor-widget-heading\" data-id=\"1967372e\" data-element_type=\"widget\" data-settings=\"{&quot;_animation&quot;:&quot;fadeInRight&quot;}\" data-widget_type=\"heading.default\">\n\t\t\t\t<div class=\"elementor-widget-container\">\n\t\t\t\t\t<p class=\"elementor-heading-title elementor-size-default\">03<\/p>\t\t\t\t<\/div>\n\t\t\t\t<\/div>\n\t\t\t\t<div class=\"elementor-element elementor-element-26024bf1 elementor-widget__width-initial elementor-widget-tablet__width-initial elementor-widget-mobile__width-inherit elementor-widget elementor-widget-icon-box\" data-id=\"26024bf1\" data-element_type=\"widget\" data-widget_type=\"icon-box.default\">\n\t\t\t\t<div class=\"elementor-widget-container\">\n\t\t\t\t\t\t\t<div class=\"elementor-icon-box-wrapper\">\n\n\t\t\t\n\t\t\t\t\t\t<div class=\"elementor-icon-box-content\">\n\n\t\t\t\t\t\t\t\t\t<h4 class=\"elementor-icon-box-title\">\n\t\t\t\t\t\t<span  >\n\t\t\t\t\t\t\tResponsabilidad\t\t\t\t\t\t<\/span>\n\t\t\t\t\t<\/h4>\n\t\t\t\t\n\t\t\t\t\t\t\t\t\t<p class=\"elementor-icon-box-description\">\n\t\t\t\t\t\t dise\u00f1ar una IA \u00e9tica, \u00fatil y sostenible\t\t\t\t\t<\/p>\n\t\t\t\t\n\t\t\t<\/div>\n\t\t\t\n\t\t<\/div>\n\t\t\t\t\t\t<\/div>\n\t\t\t\t<\/div>\n\t\t\t\t<\/div>\n\t\t\t\t<\/div>\n\t\t\t\t\t<\/div>\n\t\t\t\t<\/div>\n\t\t<div class=\"elementor-element elementor-element-5eee74f4 e-flex e-con-boxed e-con e-parent\" data-id=\"5eee74f4\" data-element_type=\"container\" data-settings=\"{&quot;background_background&quot;:&quot;classic&quot;}\">\n\t\t\t\t\t<div class=\"e-con-inner\">\n\t\t<div class=\"elementor-element elementor-element-25958ea3 e-flex e-con-boxed e-con e-child\" data-id=\"25958ea3\" data-element_type=\"container\">\n\t\t\t\t\t<div class=\"e-con-inner\">\n\t\t\t\t<div class=\"elementor-element elementor-element-29216de6 elementor-widget elementor-widget-heading\" data-id=\"29216de6\" data-element_type=\"widget\" data-widget_type=\"heading.default\">\n\t\t\t\t<div class=\"elementor-widget-container\">\n\t\t\t\t\t<h2 class=\"elementor-heading-title elementor-size-default\">\u00a1Empecemos juntos la aventura!<\/h2>\t\t\t\t<\/div>\n\t\t\t\t<\/div>\n\t\t\t\t<div class=\"elementor-element elementor-element-a9a5807 elementor-widget elementor-widget-text-editor\" data-id=\"a9a5807\" data-element_type=\"widget\" data-widget_type=\"text-editor.default\">\n\t\t\t\t<div class=\"elementor-widget-container\">\n\t\t\t\t\t\t\t\t\t\u00bfTiene una idea o necesidad de IA?\t\t\t\t\t\t\t\t<\/div>\n\t\t\t\t<\/div>\n\t\t\t\t\t<\/div>\n\t\t\t\t<\/div>\n\t\t\t\t<div class=\"elementor-element elementor-element-14893727 elementor-align-center elementor-invisible elementor-widget elementor-widget-button\" data-id=\"14893727\" data-element_type=\"widget\" data-settings=\"{&quot;_animation&quot;:&quot;fadeIn&quot;}\" data-widget_type=\"button.default\">\n\t\t\t\t<div class=\"elementor-widget-container\">\n\t\t\t\t\t\t\t\t\t<div class=\"elementor-button-wrapper\">\n\t\t\t\t\t<a class=\"elementor-button elementor-button-link elementor-size-sm elementor-animation-grow\" href=\"https:\/\/www.neuramind-ai.com\/es\/contact\/\">\n\t\t\t\t\t\t<span class=\"elementor-button-content-wrapper\">\n\t\t\t\t\t\t\t\t\t<span class=\"elementor-button-text\">Vamos \ud83d\ude80<\/span>\n\t\t\t\t\t<\/span>\n\t\t\t\t\t<\/a>\n\t\t\t\t<\/div>\n\t\t\t\t\t\t\t\t<\/div>\n\t\t\t\t<\/div>\n\t\t\t\t\t<\/div>\n\t\t\t\t<\/div>\n\t\t\t\t<\/div>","protected":false},"excerpt":{"rendered":"<p>Acerca de Neuramind Descubra nuestra historia Nuestra historia: Neuramind AI, inteligencia al servicio de su ambici\u00f3n. Neuramind AI, inteligencia al servicio de tu ambici\u00f3n Todo empez\u00f3 con una s\u00f3lida amistad y dos pasiones que nos consumen: la inteligencia artificial y el deporte. Somos tres socios, tres amigos, y hemos bautizado nuestra aventura Neuramind [...].<\/p>","protected":false},"author":1,"featured_media":0,"parent":0,"menu_order":0,"comment_status":"closed","ping_status":"closed","template":"","meta":{"footnotes":""},"class_list":["post-31430","page","type-page","status-publish","hentry"],"_links":{"self":[{"href":"https:\/\/www.neuramind-ai.com\/es\/wp-json\/wp\/v2\/pages\/31430","targetHints":{"allow":["GET"]}}],"collection":[{"href":"https:\/\/www.neuramind-ai.com\/es\/wp-json\/wp\/v2\/pages"}],"about":[{"href":"https:\/\/www.neuramind-ai.com\/es\/wp-json\/wp\/v2\/types\/page"}],"author":[{"embeddable":true,"href":"https:\/\/www.neuramind-ai.com\/es\/wp-json\/wp\/v2\/users\/1"}],"replies":[{"embeddable":true,"href":"https:\/\/www.neuramind-ai.com\/es\/wp-json\/wp\/v2\/comments?post=31430"}],"version-history":[{"count":175,"href":"https:\/\/www.neuramind-ai.com\/es\/wp-json\/wp\/v2\/pages\/31430\/revisions"}],"predecessor-version":[{"id":32270,"href":"https:\/\/www.neuramind-ai.com\/es\/wp-json\/wp\/v2\/pages\/31430\/revisions\/32270"}],"wp:attachment":[{"href":"https:\/\/www.neuramind-ai.com\/es\/wp-json\/wp\/v2\/media?parent=31430"}],"curies":[{"name":"wp","href":"https:\/\/api.w.org\/{rel}","templated":true}]}}