{"id":31338,"date":"2025-05-21T15:36:48","date_gmt":"2025-05-21T15:36:48","guid":{"rendered":"https:\/\/prod.neuramind-ai.com\/?page_id=31338"},"modified":"2025-05-23T14:53:06","modified_gmt":"2025-05-23T14:53:06","slug":"mentions-legales","status":"publish","type":"page","link":"https:\/\/www.neuramind-ai.com\/es\/mentions-legales\/","title":{"rendered":"Informaci\u00f3n jur\u00eddica"},"content":{"rendered":"<div data-elementor-type=\"wp-page\" data-elementor-id=\"31338\" class=\"elementor elementor-31338\" data-elementor-post-type=\"page\">\n\t\t\t\t<div class=\"elementor-element elementor-element-65bcc65 e-flex e-con-boxed e-con e-parent\" data-id=\"65bcc65\" data-element_type=\"container\">\n\t\t\t\t\t<div class=\"e-con-inner\">\n\t\t\t\t<div class=\"elementor-element elementor-element-c8f5acd elementor-widget elementor-widget-heading\" data-id=\"c8f5acd\" data-element_type=\"widget\" data-widget_type=\"heading.default\">\n\t\t\t\t<div class=\"elementor-widget-container\">\n\t\t\t\t\t<h1 class=\"elementor-heading-title elementor-size-default\">Informaci\u00f3n jur\u00eddica<\/h1>\t\t\t\t<\/div>\n\t\t\t\t<\/div>\n\t\t\t\t<div class=\"elementor-element elementor-element-44810d9 elementor-widget elementor-widget-text-editor\" data-id=\"44810d9\" data-element_type=\"widget\" data-widget_type=\"text-editor.default\">\n\t\t\t\t<div class=\"elementor-widget-container\">\n\t\t\t\t\t\t\t\t\t<h3 data-start=\"230\" data-end=\"251\"><span style=\"font-size: 1rem;\">El sitio web&nbsp;<\/span><a style=\"background-color: #030b13; font-size: 1rem;\" href=\"https:\/\/www.neuramind-ai.com\/es\/\" target=\"_blank\" rel=\"noopener\"><b>neuramind-ai.com<\/b><\/a><span style=\"font-size: 1rem;\">&nbsp;es publicado por :<\/span><\/h3>\n<div><span style=\"font-size: 1rem;\">&nbsp;<\/span><\/div>\n<h3 data-start=\"230\" data-end=\"251\">Editor del sitio<\/h3>\n<p data-start=\"252\" data-end=\"571\"><strong data-start=\"306\" data-end=\"319\">Neuramind AI<\/strong><br data-start=\"319\" data-end=\"322\">SAS inscrita en el R.C.S. de Lorient<br data-start=\"359\" data-end=\"362\">SIRET: 94323009400014<br data-start=\"387\" data-end=\"390\">Sede social: 17 rue de la Marine, 56950 Crach, Francia<br data-start=\"494\" data-end=\"497\">Responsable de la publicaci\u00f3n : <strong data-start=\"529\" data-end=\"550\">Philippe Bonhomme<\/strong> (Representante legal)<\/p>\n<h3 data-start=\"573\" data-end=\"590\">Alojamiento<\/h3>\n<p data-start=\"591\" data-end=\"761\">El sitio est\u00e1 alojado en :<br data-start=\"616\" data-end=\"619\"><strong data-start=\"619\" data-end=\"644\">Red Infomaniak SA<\/strong><br data-start=\"644\" data-end=\"647\">Rue Eug\u00e8ne-Marziano 25, 1227 Les Acacias, Ginebra, Suiza<br data-start=\"703\" data-end=\"706\">Lugar : <a href=\"https:\/\/www.infomaniak.com\" target=\"_new\" rel=\"noopener\" data-start=\"713\" data-end=\"761\">www.infomaniak.com<\/a><\/p>\n<h3 data-start=\"763\" data-end=\"785\">Creaci\u00f3n de p\u00e1ginas web<\/h3>\n<p data-start=\"786\" data-end=\"887\">Dise\u00f1o y desarrollo :&nbsp;<b>WETECHFORYOU<\/b><br data-start=\"840\" data-end=\"843\">Gesti\u00f3n editorial : <strong data-start=\"866\" data-end=\"887\">Bertrand Roger<\/strong><\/p>\n<h3 data-start=\"889\" data-end=\"919\">Propiedad intelectual<\/h3>\n<p data-start=\"920\" data-end=\"1223\">Todos los contenidos del sitio web neuramind-ai.com (textos, im\u00e1genes, ilustraciones, v\u00eddeos, logotipos, etc.) son propiedad exclusiva de Neuramind, salvo que se indique lo contrario. Queda prohibida toda reproducci\u00f3n, representaci\u00f3n, distribuci\u00f3n o utilizaci\u00f3n, total o parcial, sin autorizaci\u00f3n previa.<\/p>\n<h3 data-start=\"1225\" data-end=\"1251\">Datos personales<\/h3>\n<p data-start=\"1252\" data-end=\"1407\">De conformidad con el Reglamento General de Protecci\u00f3n de Datos (RGPD), los usuarios del sitio tienen los siguientes derechos en relaci\u00f3n con sus datos:<\/p>\n<ul data-start=\"1408\" data-end=\"1500\">\n<li data-start=\"1408\" data-end=\"1425\">\n<p data-start=\"1410\" data-end=\"1425\">Derecho de acceso<\/p>\n<\/li>\n<li data-start=\"1426\" data-end=\"1452\">\n<p data-start=\"1428\" data-end=\"1452\">Derecho de rectificaci\u00f3n<\/p>\n<\/li>\n<li data-start=\"1453\" data-end=\"1475\">\n<p data-start=\"1455\" data-end=\"1475\">Derecho de oposici\u00f3n<\/p>\n<\/li>\n<li data-start=\"1476\" data-end=\"1500\">\n<p data-start=\"1478\" data-end=\"1500\">Derecho de supresi\u00f3n<\/p>\n<\/li>\n<\/ul>\n<p data-start=\"1502\" data-end=\"1622\">Para ejercer estos derechos, p\u00f3ngase en contacto con :<br data-start=\"1550\" data-end=\"1553\"><strong data-start=\"1556\" data-end=\"1580\"><a href=\"mailto:philippe@neuramind-ai.com\">philippe@neuramind-ai.com<\/a><\/strong><\/p>\n<p data-start=\"1624\" data-end=\"1797\">No se recoge ning\u00fan dato personal sin consentimiento. Cualquier informaci\u00f3n recogida a trav\u00e9s de formularios es solo para uso interno.<\/p>\n<h3 data-start=\"1799\" data-end=\"1812\">Cookies<\/h3>\n<p data-start=\"1813\" data-end=\"2051\">El sitio web <strong data-start=\"1774\" data-end=\"1813\">neuramind-ai.com no utiliza cookies<\/strong> con fines de seguimiento, medici\u00f3n de audiencia o publicidad. Su navegaci\u00f3n no est\u00e1 sujeta a ning\u00fan seguimiento.<\/p>\t\t\t\t\t\t\t\t<\/div>\n\t\t\t\t<\/div>\n\t\t\t\t\t<\/div>\n\t\t\t\t<\/div>\n\t\t\t\t<\/div>","protected":false},"excerpt":{"rendered":"<p>Informaci\u00f3n legal El sitio neuramind-ai.com es publicado por la empresa: Editor del sitio Neuramind AISAS inscrita en el Registro Mercantil y de Sociedades de LorientSIRET: 94323009400014Sede social: 17 rue de la Marine, 56950 Crach, FranciaResponsable de la publicaci\u00f3n: Philippe Bonhomme (Representante legal) Alojamiento El sitio est\u00e1 alojado en:Infomaniak Network SARue Eug\u00e8ne-Marziano 25, 1227 Les Acacias, Ginebra, Suiza.<\/p>","protected":false},"author":1,"featured_media":0,"parent":0,"menu_order":0,"comment_status":"closed","ping_status":"closed","template":"","meta":{"footnotes":""},"class_list":["post-31338","page","type-page","status-publish","hentry"],"_links":{"self":[{"href":"https:\/\/www.neuramind-ai.com\/es\/wp-json\/wp\/v2\/pages\/31338","targetHints":{"allow":["GET"]}}],"collection":[{"href":"https:\/\/www.neuramind-ai.com\/es\/wp-json\/wp\/v2\/pages"}],"about":[{"href":"https:\/\/www.neuramind-ai.com\/es\/wp-json\/wp\/v2\/types\/page"}],"author":[{"embeddable":true,"href":"https:\/\/www.neuramind-ai.com\/es\/wp-json\/wp\/v2\/users\/1"}],"replies":[{"embeddable":true,"href":"https:\/\/www.neuramind-ai.com\/es\/wp-json\/wp\/v2\/comments?post=31338"}],"version-history":[{"count":28,"href":"https:\/\/www.neuramind-ai.com\/es\/wp-json\/wp\/v2\/pages\/31338\/revisions"}],"predecessor-version":[{"id":32141,"href":"https:\/\/www.neuramind-ai.com\/es\/wp-json\/wp\/v2\/pages\/31338\/revisions\/32141"}],"wp:attachment":[{"href":"https:\/\/www.neuramind-ai.com\/es\/wp-json\/wp\/v2\/media?parent=31338"}],"curies":[{"name":"wp","href":"https:\/\/api.w.org\/{rel}","templated":true}]}}