{"id":31430,"date":"2025-05-22T09:49:16","date_gmt":"2025-05-22T09:49:16","guid":{"rendered":"https:\/\/prod.neuramind-ai.com\/?page_id=31430"},"modified":"2025-05-23T16:39:16","modified_gmt":"2025-05-23T16:39:16","slug":"notre-histoire","status":"publish","type":"page","link":"https:\/\/www.neuramind-ai.com\/de\/notre-histoire\/","title":{"rendered":"Unsere Geschichte"},"content":{"rendered":"<div data-elementor-type=\"wp-page\" data-elementor-id=\"31430\" class=\"elementor elementor-31430\" data-elementor-post-type=\"page\">\n\t\t\t\t<div class=\"elementor-element elementor-element-545479bb e-con-full animated-slow e-flex elementor-invisible e-con e-parent\" data-id=\"545479bb\" data-element_type=\"container\" data-settings=\"{&quot;background_background&quot;:&quot;classic&quot;,&quot;animation&quot;:&quot;fadeInDown&quot;}\">\n\t\t<div class=\"elementor-element elementor-element-5cf8a7b6 e-con-full e-flex e-con e-child\" data-id=\"5cf8a7b6\" data-element_type=\"container\" data-settings=\"{&quot;background_background&quot;:&quot;classic&quot;}\">\n\t\t\t\t<div class=\"elementor-element elementor-element-6d8b68a9 elementor-position-left elementor-vertical-align-middle elementor-view-default elementor-mobile-position-top elementor-widget elementor-widget-icon-box\" data-id=\"6d8b68a9\" data-element_type=\"widget\" data-widget_type=\"icon-box.default\">\n\t\t\t\t<div class=\"elementor-widget-container\">\n\t\t\t\t\t\t\t<div class=\"elementor-icon-box-wrapper\">\n\n\t\t\t\t\t\t<div class=\"elementor-icon-box-icon\">\n\t\t\t\t<span  class=\"elementor-icon\">\n\t\t\t\t<svg aria-hidden=\"true\" class=\"e-font-icon-svg e-fas-star\" viewbox=\"0 0 576 512\" xmlns=\"http:\/\/www.w3.org\/2000\/svg\"><path d=\"M259.3 17.8L194 150.2 47.9 171.5c-26.2 3.8-36.7 36.1-17.7 54.6l105.7 103-25 145.5c-4.5 26.3 23.2 46 46.4 33.7L288 439.6l130.7 68.7c23.2 12.2 50.9-7.4 46.4-33.7l-25-145.5 105.7-103c19-18.5 8.5-50.8-17.7-54.6L382 150.2 316.7 17.8c-11.7-23.6-45.6-23.9-57.4 0z\"><\/path><\/svg>\t\t\t\t<\/span>\n\t\t\t<\/div>\n\t\t\t\n\t\t\t\t\t\t<div class=\"elementor-icon-box-content\">\n\n\t\t\t\t\t\t\t\t\t<h3 class=\"elementor-icon-box-title\">\n\t\t\t\t\t\t<span  >\n\t\t\t\t\t\t\tWer sind wir?\t\t\t\t\t\t<\/span>\n\t\t\t\t\t<\/h3>\n\t\t\t\t\n\t\t\t\t\n\t\t\t<\/div>\n\t\t\t\n\t\t<\/div>\n\t\t\t\t\t\t<\/div>\n\t\t\t\t<\/div>\n\t\t\t\t<div class=\"elementor-element elementor-element-cb3eed elementor-widget elementor-widget-heading\" data-id=\"cb3eed\" data-element_type=\"widget\" data-widget_type=\"heading.default\">\n\t\t\t\t<div class=\"elementor-widget-container\">\n\t\t\t\t\t<h2 class=\"elementor-heading-title elementor-size-default\">Entdecken Sie unsere Geschichte<\/h2>\t\t\t\t<\/div>\n\t\t\t\t<\/div>\n\t\t\t\t<div class=\"elementor-element elementor-element-607a36cd elementor-widget elementor-widget-text-editor\" data-id=\"607a36cd\" data-element_type=\"widget\" data-widget_type=\"text-editor.default\">\n\t\t\t\t<div class=\"elementor-widget-container\">\n\t\t\t\t\t\t\t\t\tUnsere Geschichte: Neuramind AI, Intelligenz im Dienste Ihres Ehrgeizes.\t\t\t\t\t\t\t\t<\/div>\n\t\t\t\t<\/div>\n\t\t\t\t<\/div>\n\t\t\t\t<\/div>\n\t\t<div class=\"elementor-element elementor-element-806e6da animated-slow e-flex e-con-boxed elementor-invisible e-con e-parent\" data-id=\"806e6da\" data-element_type=\"container\" data-settings=\"{&quot;animation&quot;:&quot;fadeIn&quot;}\">\n\t\t\t\t\t<div class=\"e-con-inner\">\n\t\t<div class=\"elementor-element elementor-element-1a46ae4 e-con-full e-flex e-con e-child\" data-id=\"1a46ae4\" data-element_type=\"container\">\n\t\t\t\t<div class=\"elementor-element elementor-element-f12ebe0 elementor-widget elementor-widget-image\" data-id=\"f12ebe0\" data-element_type=\"widget\" data-widget_type=\"image.default\">\n\t\t\t\t<div class=\"elementor-widget-container\">\n\t\t\t\t\t\t\t\t\t\t\t\t\t\t\t<img fetchpriority=\"high\" decoding=\"async\" width=\"800\" height=\"800\" src=\"https:\/\/www.neuramind-ai.com\/wp-content\/uploads\/2025\/05\/ChatGPT-Image-23-mai-2025-16_40_55.png\" class=\"attachment-large size-large wp-image-32095\" alt=\"\" srcset=\"https:\/\/www.neuramind-ai.com\/wp-content\/uploads\/2025\/05\/ChatGPT-Image-23-mai-2025-16_40_55.png 1024w, https:\/\/www.neuramind-ai.com\/wp-content\/uploads\/2025\/05\/ChatGPT-Image-23-mai-2025-16_40_55-300x300.png 300w, https:\/\/www.neuramind-ai.com\/wp-content\/uploads\/2025\/05\/ChatGPT-Image-23-mai-2025-16_40_55-150x150.png 150w, https:\/\/www.neuramind-ai.com\/wp-content\/uploads\/2025\/05\/ChatGPT-Image-23-mai-2025-16_40_55-768x768.png 768w\" sizes=\"(max-width: 800px) 100vw, 800px\" \/>\t\t\t\t\t\t\t\t\t\t\t\t\t\t\t<\/div>\n\t\t\t\t<\/div>\n\t\t\t\t<\/div>\n\t\t<div class=\"elementor-element elementor-element-5cc3ad8 e-con-full e-flex e-con e-child\" data-id=\"5cc3ad8\" data-element_type=\"container\">\n\t\t\t\t<div class=\"elementor-element elementor-element-b066132 animated-slow elementor-invisible elementor-widget elementor-widget-text-editor\" data-id=\"b066132\" data-element_type=\"widget\" data-settings=\"{&quot;_animation&quot;:&quot;fadeIn&quot;}\" data-widget_type=\"text-editor.default\">\n\t\t\t\t<div class=\"elementor-widget-container\">\n\t\t\t\t\t\t\t\t\t<h3 dir=\"ltr\">Neuramind AI, Intelligenz f\u00fcr Ihren Ehrgeiz<\/h3><p dir=\"ltr\">Alles begann mit einer starken Freundschaft und zwei verzehrenden Leidenschaften: k\u00fcnstliche Intelligenz und Sport. Wir sind drei Partner, drei Freunde und haben unser Abenteuer Neuramind AI genannt.<\/p><p dir=\"ltr\">Warum dieser Name? Weil er unseren Ansatz verk\u00f6rpert: die Leistungsf\u00e4higkeit der neuronalen Netze der KI mit menschlicher und strategischer Intelligenz (mind) zu kombinieren, um die Leistung von Unternehmen zu verzehnfachen.<\/p>\t\t\t\t\t\t\t\t<\/div>\n\t\t\t\t<\/div>\n\t\t\t\t<\/div>\n\t\t\t\t\t<\/div>\n\t\t\t\t<\/div>\n\t\t<div class=\"elementor-element elementor-element-2c1217e e-flex e-con-boxed e-con e-parent\" data-id=\"2c1217e\" data-element_type=\"container\" data-settings=\"{&quot;background_background&quot;:&quot;classic&quot;}\">\n\t\t\t\t\t<div class=\"e-con-inner\">\n\t\t\t\t<div class=\"elementor-element elementor-element-042844b elementor-widget elementor-widget-heading\" data-id=\"042844b\" data-element_type=\"widget\" data-widget_type=\"heading.default\">\n\t\t\t\t<div class=\"elementor-widget-container\">\n\t\t\t\t\t<h3 class=\"elementor-heading-title elementor-size-default\">Unsere St\u00e4rken<\/h3>\t\t\t\t<\/div>\n\t\t\t\t<\/div>\n\t\t\t\t<div class=\"elementor-element elementor-element-113bc9b elementor-widget elementor-widget-text-editor\" data-id=\"113bc9b\" data-element_type=\"widget\" data-widget_type=\"text-editor.default\">\n\t\t\t\t<div class=\"elementor-widget-container\">\n\t\t\t\t\t\t\t\t\tVon <b>starke menschliche Werte<\/b>eine <b>enzyklop\u00e4disches Wissen<\/b> KI-Tools\/Infos und ein <b>st\u00e4ndiges Sourcing<\/b> (in IA 1 Woche = 1 Jahr).\t\t\t\t\t\t\t\t<\/div>\n\t\t\t\t<\/div>\n\t\t\t\t\t<\/div>\n\t\t\t\t<\/div>\n\t\t<div class=\"elementor-element elementor-element-a635a88 e-flex e-con-boxed e-con e-parent\" data-id=\"a635a88\" data-element_type=\"container\">\n\t\t\t\t\t<div class=\"e-con-inner\">\n\t\t<div class=\"elementor-element elementor-element-46b3de3 e-con-full e-flex e-con e-child\" data-id=\"46b3de3\" data-element_type=\"container\">\n\t\t\t\t<div class=\"elementor-element elementor-element-8a6b381 elementor-widget elementor-widget-image\" data-id=\"8a6b381\" data-element_type=\"widget\" data-widget_type=\"image.default\">\n\t\t\t\t<div class=\"elementor-widget-container\">\n\t\t\t\t\t\t\t\t\t\t\t\t\t\t\t<img decoding=\"async\" width=\"800\" height=\"800\" src=\"https:\/\/www.neuramind-ai.com\/wp-content\/uploads\/2025\/05\/20250523_1142_Assistant-IA-en-Securite_remix_01jvy8972nf3pafx8zr6b3vgjj.png\" class=\"attachment-large size-large wp-image-31987\" alt=\"\" srcset=\"https:\/\/www.neuramind-ai.com\/wp-content\/uploads\/2025\/05\/20250523_1142_Assistant-IA-en-Securite_remix_01jvy8972nf3pafx8zr6b3vgjj.png 1024w, https:\/\/www.neuramind-ai.com\/wp-content\/uploads\/2025\/05\/20250523_1142_Assistant-IA-en-Securite_remix_01jvy8972nf3pafx8zr6b3vgjj-300x300.png 300w, https:\/\/www.neuramind-ai.com\/wp-content\/uploads\/2025\/05\/20250523_1142_Assistant-IA-en-Securite_remix_01jvy8972nf3pafx8zr6b3vgjj-150x150.png 150w, https:\/\/www.neuramind-ai.com\/wp-content\/uploads\/2025\/05\/20250523_1142_Assistant-IA-en-Securite_remix_01jvy8972nf3pafx8zr6b3vgjj-768x768.png 768w\" sizes=\"(max-width: 800px) 100vw, 800px\" \/>\t\t\t\t\t\t\t\t\t\t\t\t\t\t\t<\/div>\n\t\t\t\t<\/div>\n\t\t\t\t<\/div>\n\t\t<div class=\"elementor-element elementor-element-3dac7fc e-con-full e-flex e-con e-child\" data-id=\"3dac7fc\" data-element_type=\"container\">\n\t\t\t\t<div class=\"elementor-element elementor-element-bd73d85 animated-slow elementor-invisible elementor-widget elementor-widget-text-editor\" data-id=\"bd73d85\" data-element_type=\"widget\" data-settings=\"{&quot;_animation&quot;:&quot;fadeIn&quot;}\" data-widget_type=\"text-editor.default\">\n\t\t\t\t<div class=\"elementor-widget-container\">\n\t\t\t\t\t\t\t\t\t<p>Wir haben so viele talentierte Unternehmer gesehen, die in ihrem Elan durch sich wiederholende, zeitraubende Aufgaben ohne echten Mehrwert gebremst wurden. Ihre Energie wurde vom Wesentlichen abgelenkt: Strategie, Wachstum, Wirkung. Das war der Punkt, an dem Neuramind AI seine Wurzeln geschlagen hat.<\/p><p>Was w\u00e4re, wenn unsere Komplementarit\u00e4t zu ihrer St\u00e4rke w\u00fcrde?<\/p><ul><li>Einer zeichnet sich durch die Optimierung von Gesch\u00e4ftsprozessen aus.<\/li><li>Ein anderer ist Ingenieur\/Entwickler, der in der Lage ist, komplexe Ideen in leistungsf\u00e4hige Werkzeuge umzusetzen.<\/li><li>Der dritte ist KI- und Marketingunternehmer, der Technologie und Gesch\u00e4ftsstrategie aufeinander abstimmt.<\/li><\/ul><div>\u00a0<\/div><p>Aus dieser Allianz entstand unsere Mission: das Potenzial von Unternehmen mithilfe von KI zu erschlie\u00dfen. Wir gehen \u00fcber die Technik hinaus und unterst\u00fctzen unsere Kunden bei ihrer Vision, ihrer Strategie und ihren Priorit\u00e4ten.<\/p>\t\t\t\t\t\t\t\t<\/div>\n\t\t\t\t<\/div>\n\t\t\t\t<\/div>\n\t\t\t\t\t<\/div>\n\t\t\t\t<\/div>\n\t\t<div class=\"elementor-element elementor-element-3068d5fb e-con-full e-flex e-con e-parent\" data-id=\"3068d5fb\" data-element_type=\"container\" data-settings=\"{&quot;background_background&quot;:&quot;classic&quot;}\">\n\t\t<div class=\"elementor-element elementor-element-e67c9d1 e-flex e-con-boxed e-con e-child\" data-id=\"e67c9d1\" data-element_type=\"container\">\n\t\t\t\t\t<div class=\"e-con-inner\">\n\t\t\t\t<div class=\"elementor-element elementor-element-4372311 elementor-widget elementor-widget-heading\" data-id=\"4372311\" data-element_type=\"widget\" data-widget_type=\"heading.default\">\n\t\t\t\t<div class=\"elementor-widget-container\">\n\t\t\t\t\t<h3 class=\"elementor-heading-title elementor-size-default\">Das Team Neuramind<\/h3>\t\t\t\t<\/div>\n\t\t\t\t<\/div>\n\t\t\t\t\t<\/div>\n\t\t\t\t<\/div>\n\t\t<div class=\"elementor-element elementor-element-1e00ec02 e-flex e-con-boxed e-con e-child\" data-id=\"1e00ec02\" data-element_type=\"container\">\n\t\t\t\t\t<div class=\"e-con-inner\">\n\t\t\t\t<div class=\"elementor-element elementor-element-2e3db4 elementor-widget__width-initial elementor-widget-tablet__width-initial elementor-widget-mobile__width-inherit elementor-cta--skin-classic elementor-animated-content elementor-invisible elementor-widget elementor-widget-call-to-action\" data-id=\"2e3db4\" data-element_type=\"widget\" data-settings=\"{&quot;_animation&quot;:&quot;fadeInUp&quot;}\" data-widget_type=\"call-to-action.default\">\n\t\t\t\t<div class=\"elementor-widget-container\">\n\t\t\t\t\t\t\t<div class=\"elementor-cta\">\n\t\t\t\t\t\t\t<div class=\"elementor-cta__content\">\n\t\t\t\t\n\t\t\t\t\t\t\t\t\t<span class=\"elementor-cta__title elementor-cta__content-item elementor-content-item\">\n\t\t\t\t\t\tPhilippe\t\t\t\t\t<\/span>\n\t\t\t\t\n\t\t\t\t\t\t\t\t\t<div class=\"elementor-cta__description elementor-cta__content-item elementor-content-item\">\n\t\t\t\t\t\tVorsitzender\t\t\t\t\t<\/div>\n\t\t\t\t\n\t\t\t\t\t\t\t<\/div>\n\t\t\t\t\t\t<\/div>\n\t\t\t\t\t\t<\/div>\n\t\t\t\t<\/div>\n\t\t\t\t<div class=\"elementor-element elementor-element-7486138d elementor-widget__width-initial elementor-widget-tablet__width-initial elementor-widget-mobile__width-inherit elementor-cta--skin-classic elementor-animated-content elementor-invisible elementor-widget elementor-widget-call-to-action\" data-id=\"7486138d\" data-element_type=\"widget\" data-settings=\"{&quot;_animation&quot;:&quot;fadeInUp&quot;}\" data-widget_type=\"call-to-action.default\">\n\t\t\t\t<div class=\"elementor-widget-container\">\n\t\t\t\t\t\t\t<div class=\"elementor-cta\">\n\t\t\t\t\t\t\t<div class=\"elementor-cta__content\">\n\t\t\t\t\n\t\t\t\t\t\t\t\t\t<span class=\"elementor-cta__title elementor-cta__content-item elementor-content-item\">\n\t\t\t\t\t\tCyril\t\t\t\t\t<\/span>\n\t\t\t\t\n\t\t\t\t\t\t\t\t\t<div class=\"elementor-cta__description elementor-cta__content-item elementor-content-item\">\n\t\t\t\t\t\tTechnischer Direktor\t\t\t\t\t<\/div>\n\t\t\t\t\n\t\t\t\t\t\t\t<\/div>\n\t\t\t\t\t\t<\/div>\n\t\t\t\t\t\t<\/div>\n\t\t\t\t<\/div>\n\t\t\t\t<div class=\"elementor-element elementor-element-5ead5301 elementor-widget__width-initial elementor-widget-tablet__width-initial elementor-widget-mobile__width-inherit elementor-cta--skin-classic elementor-animated-content elementor-invisible elementor-widget elementor-widget-call-to-action\" data-id=\"5ead5301\" data-element_type=\"widget\" data-settings=\"{&quot;_animation&quot;:&quot;fadeInUp&quot;}\" data-widget_type=\"call-to-action.default\">\n\t\t\t\t<div class=\"elementor-widget-container\">\n\t\t\t\t\t\t\t<div class=\"elementor-cta\">\n\t\t\t\t\t\t\t<div class=\"elementor-cta__content\">\n\t\t\t\t\n\t\t\t\t\t\t\t\t\t<span class=\"elementor-cta__title elementor-cta__content-item elementor-content-item\">\n\t\t\t\t\t\tBertrand\t\t\t\t\t<\/span>\n\t\t\t\t\n\t\t\t\t\t\t\t\t\t<div class=\"elementor-cta__description elementor-cta__content-item elementor-content-item\">\n\t\t\t\t\t\tGeneraldirektorin\t\t\t\t\t<\/div>\n\t\t\t\t\n\t\t\t\t\t\t\t<\/div>\n\t\t\t\t\t\t<\/div>\n\t\t\t\t\t\t<\/div>\n\t\t\t\t<\/div>\n\t\t\t\t\t<\/div>\n\t\t\t\t<\/div>\n\t\t\t\t<\/div>\n\t\t<div class=\"elementor-element elementor-element-f188c91 e-flex e-con-boxed e-con e-parent\" data-id=\"f188c91\" data-element_type=\"container\" data-settings=\"{&quot;background_background&quot;:&quot;classic&quot;}\">\n\t\t\t\t\t<div class=\"e-con-inner\">\n\t\t\t\t<div class=\"elementor-element elementor-element-bdd0d76 elementor-widget elementor-widget-heading\" data-id=\"bdd0d76\" data-element_type=\"widget\" data-widget_type=\"heading.default\">\n\t\t\t\t<div class=\"elementor-widget-container\">\n\t\t\t\t\t<h3 class=\"elementor-heading-title elementor-size-default\">Unser Ziel <\/h3>\t\t\t\t<\/div>\n\t\t\t\t<\/div>\n\t\t\t\t<div class=\"elementor-element elementor-element-821b219 elementor-widget elementor-widget-text-editor\" data-id=\"821b219\" data-element_type=\"widget\" data-widget_type=\"text-editor.default\">\n\t\t\t\t<div class=\"elementor-widget-container\">\n\t\t\t\t\t\t\t\t\t<p>Ihnen erm\u00f6glichen, sich wieder auf das zu konzentrieren, was wirklich wichtig ist : <b>innovieren, steuern, leisten<\/b>.<\/p>\t\t\t\t\t\t\t\t<\/div>\n\t\t\t\t<\/div>\n\t\t\t\t\t<\/div>\n\t\t\t\t<\/div>\n\t\t<div class=\"elementor-element elementor-element-3ce366dd e-flex e-con-boxed e-con e-parent\" data-id=\"3ce366dd\" data-element_type=\"container\" id=\"next\" data-settings=\"{&quot;background_background&quot;:&quot;classic&quot;}\">\n\t\t\t\t\t<div class=\"e-con-inner\">\n\t\t\t\t<div class=\"elementor-element elementor-element-2cbcb7d5 elementor-widget elementor-widget-heading\" data-id=\"2cbcb7d5\" data-element_type=\"widget\" data-widget_type=\"heading.default\">\n\t\t\t\t<div class=\"elementor-widget-container\">\n\t\t\t\t\t<h3 class=\"elementor-heading-title elementor-size-default\">Unsere Werte<\/h3>\t\t\t\t<\/div>\n\t\t\t\t<\/div>\n\t\t<div class=\"elementor-element elementor-element-47a20cf4 e-con-full e-flex e-con e-child\" data-id=\"47a20cf4\" data-element_type=\"container\">\n\t\t<div class=\"elementor-element elementor-element-79892fa5 e-con-full e-flex e-con e-child\" data-id=\"79892fa5\" data-element_type=\"container\">\n\t\t\t\t<div class=\"elementor-element elementor-element-21c11725 elementor-widget__width-auto elementor-widget-mobile__width-inherit elementor-invisible elementor-widget elementor-widget-heading\" data-id=\"21c11725\" data-element_type=\"widget\" data-settings=\"{&quot;_animation&quot;:&quot;fadeInRight&quot;}\" data-widget_type=\"heading.default\">\n\t\t\t\t<div class=\"elementor-widget-container\">\n\t\t\t\t\t<p class=\"elementor-heading-title elementor-size-default\">01<\/p>\t\t\t\t<\/div>\n\t\t\t\t<\/div>\n\t\t\t\t<div class=\"elementor-element elementor-element-22573479 elementor-widget__width-initial elementor-widget-tablet__width-initial elementor-widget-mobile__width-inherit elementor-widget elementor-widget-icon-box\" data-id=\"22573479\" data-element_type=\"widget\" data-widget_type=\"icon-box.default\">\n\t\t\t\t<div class=\"elementor-widget-container\">\n\t\t\t\t\t\t\t<div class=\"elementor-icon-box-wrapper\">\n\n\t\t\t\n\t\t\t\t\t\t<div class=\"elementor-icon-box-content\">\n\n\t\t\t\t\t\t\t\t\t<h4 class=\"elementor-icon-box-title\">\n\t\t\t\t\t\t<span  >\n\t\t\t\t\t\t\tInnovieren \t\t\t\t\t\t<\/span>\n\t\t\t\t\t<\/h4>\n\t\t\t\t\n\t\t\t\t\t\t\t\t\t<p class=\"elementor-icon-box-description\">\n\t\t\t\t\t\timmer auf dem neuesten Stand sein, um den Bed\u00fcrfnissen vorzugreifen\t\t\t\t\t<\/p>\n\t\t\t\t\n\t\t\t<\/div>\n\t\t\t\n\t\t<\/div>\n\t\t\t\t\t\t<\/div>\n\t\t\t\t<\/div>\n\t\t\t\t<\/div>\n\t\t<div class=\"elementor-element elementor-element-7739e40d e-con-full e-flex e-con e-child\" data-id=\"7739e40d\" data-element_type=\"container\">\n\t\t\t\t<div class=\"elementor-element elementor-element-6ab9be50 elementor-widget__width-auto elementor-widget-mobile__width-inherit elementor-invisible elementor-widget elementor-widget-heading\" data-id=\"6ab9be50\" data-element_type=\"widget\" data-settings=\"{&quot;_animation&quot;:&quot;fadeInRight&quot;}\" data-widget_type=\"heading.default\">\n\t\t\t\t<div class=\"elementor-widget-container\">\n\t\t\t\t\t<p class=\"elementor-heading-title elementor-size-default\">02<\/p>\t\t\t\t<\/div>\n\t\t\t\t<\/div>\n\t\t\t\t<div class=\"elementor-element elementor-element-c350520 elementor-widget__width-initial elementor-widget-tablet__width-initial elementor-widget-mobile__width-inherit elementor-widget elementor-widget-icon-box\" data-id=\"c350520\" data-element_type=\"widget\" data-widget_type=\"icon-box.default\">\n\t\t\t\t<div class=\"elementor-widget-container\">\n\t\t\t\t\t\t\t<div class=\"elementor-icon-box-wrapper\">\n\n\t\t\t\n\t\t\t\t\t\t<div class=\"elementor-icon-box-content\">\n\n\t\t\t\t\t\t\t\t\t<h4 class=\"elementor-icon-box-title\">\n\t\t\t\t\t\t<span  >\n\t\t\t\t\t\t\tExzellent\t\t\t\t\t\t<\/span>\n\t\t\t\t\t<\/h4>\n\t\t\t\t\n\t\t\t\t\t\t\t\t\t<p class=\"elementor-icon-box-description\">\n\t\t\t\t\t\tschnell leistungsf\u00e4hige, robuste und effiziente L\u00f6sungen vorschreiben\/liefern.\t\t\t\t\t<\/p>\n\t\t\t\t\n\t\t\t<\/div>\n\t\t\t\n\t\t<\/div>\n\t\t\t\t\t\t<\/div>\n\t\t\t\t<\/div>\n\t\t\t\t<\/div>\n\t\t<div class=\"elementor-element elementor-element-7458f597 e-con-full e-flex e-con e-child\" data-id=\"7458f597\" data-element_type=\"container\">\n\t\t\t\t<div class=\"elementor-element elementor-element-1967372e elementor-widget__width-auto elementor-widget-mobile__width-inherit elementor-invisible elementor-widget elementor-widget-heading\" data-id=\"1967372e\" data-element_type=\"widget\" data-settings=\"{&quot;_animation&quot;:&quot;fadeInRight&quot;}\" data-widget_type=\"heading.default\">\n\t\t\t\t<div class=\"elementor-widget-container\">\n\t\t\t\t\t<p class=\"elementor-heading-title elementor-size-default\">03<\/p>\t\t\t\t<\/div>\n\t\t\t\t<\/div>\n\t\t\t\t<div class=\"elementor-element elementor-element-26024bf1 elementor-widget__width-initial elementor-widget-tablet__width-initial elementor-widget-mobile__width-inherit elementor-widget elementor-widget-icon-box\" data-id=\"26024bf1\" data-element_type=\"widget\" data-widget_type=\"icon-box.default\">\n\t\t\t\t<div class=\"elementor-widget-container\">\n\t\t\t\t\t\t\t<div class=\"elementor-icon-box-wrapper\">\n\n\t\t\t\n\t\t\t\t\t\t<div class=\"elementor-icon-box-content\">\n\n\t\t\t\t\t\t\t\t\t<h4 class=\"elementor-icon-box-title\">\n\t\t\t\t\t\t<span  >\n\t\t\t\t\t\t\tVerantwortung\t\t\t\t\t\t<\/span>\n\t\t\t\t\t<\/h4>\n\t\t\t\t\n\t\t\t\t\t\t\t\t\t<p class=\"elementor-icon-box-description\">\n\t\t\t\t\t\t eine ethische, n\u00fctzliche und nachhaltige IA entwerfen\t\t\t\t\t<\/p>\n\t\t\t\t\n\t\t\t<\/div>\n\t\t\t\n\t\t<\/div>\n\t\t\t\t\t\t<\/div>\n\t\t\t\t<\/div>\n\t\t\t\t<\/div>\n\t\t\t\t<\/div>\n\t\t\t\t\t<\/div>\n\t\t\t\t<\/div>\n\t\t<div class=\"elementor-element elementor-element-5eee74f4 e-flex e-con-boxed e-con e-parent\" data-id=\"5eee74f4\" data-element_type=\"container\" data-settings=\"{&quot;background_background&quot;:&quot;classic&quot;}\">\n\t\t\t\t\t<div class=\"e-con-inner\">\n\t\t<div class=\"elementor-element elementor-element-25958ea3 e-flex e-con-boxed e-con e-child\" data-id=\"25958ea3\" data-element_type=\"container\">\n\t\t\t\t\t<div class=\"e-con-inner\">\n\t\t\t\t<div class=\"elementor-element elementor-element-29216de6 elementor-widget elementor-widget-heading\" data-id=\"29216de6\" data-element_type=\"widget\" data-widget_type=\"heading.default\">\n\t\t\t\t<div class=\"elementor-widget-container\">\n\t\t\t\t\t<h2 class=\"elementor-heading-title elementor-size-default\">Lassen Sie uns gemeinsam das Abenteuer starten!<\/h2>\t\t\t\t<\/div>\n\t\t\t\t<\/div>\n\t\t\t\t<div class=\"elementor-element elementor-element-a9a5807 elementor-widget elementor-widget-text-editor\" data-id=\"a9a5807\" data-element_type=\"widget\" data-widget_type=\"text-editor.default\">\n\t\t\t\t<div class=\"elementor-widget-container\">\n\t\t\t\t\t\t\t\t\tHaben Sie eine Idee oder einen Bedarf an KI?\t\t\t\t\t\t\t\t<\/div>\n\t\t\t\t<\/div>\n\t\t\t\t\t<\/div>\n\t\t\t\t<\/div>\n\t\t\t\t<div class=\"elementor-element elementor-element-14893727 elementor-align-center elementor-invisible elementor-widget elementor-widget-button\" data-id=\"14893727\" data-element_type=\"widget\" data-settings=\"{&quot;_animation&quot;:&quot;fadeIn&quot;}\" data-widget_type=\"button.default\">\n\t\t\t\t<div class=\"elementor-widget-container\">\n\t\t\t\t\t\t\t\t\t<div class=\"elementor-button-wrapper\">\n\t\t\t\t\t<a class=\"elementor-button elementor-button-link elementor-size-sm elementor-animation-grow\" href=\"https:\/\/www.neuramind-ai.com\/de\/contact\/\">\n\t\t\t\t\t\t<span class=\"elementor-button-content-wrapper\">\n\t\t\t\t\t\t\t\t\t<span class=\"elementor-button-text\">Go \ud83d\ude80.<\/span>\n\t\t\t\t\t<\/span>\n\t\t\t\t\t<\/a>\n\t\t\t\t<\/div>\n\t\t\t\t\t\t\t\t<\/div>\n\t\t\t\t<\/div>\n\t\t\t\t\t<\/div>\n\t\t\t\t<\/div>\n\t\t\t\t<\/div>","protected":false},"excerpt":{"rendered":"<p>Wer sind wir? Entdecken Sie unsere Geschichte Unsere Geschichte: Neuramind AI, Intelligenz im Dienste Ihres Ehrgeizes. Neuramind AI, die Intelligenz im Dienste Ihres Ehrgeizes Alles begann mit einer starken Freundschaft und zwei verzehrenden Leidenschaften: k\u00fcnstliche Intelligenz und Sport. Wir sind drei Partner, drei Freunde, und wir haben unserem Abenteuer den Namen Neuramind [...] gegeben.<\/p>","protected":false},"author":1,"featured_media":0,"parent":0,"menu_order":0,"comment_status":"closed","ping_status":"closed","template":"","meta":{"footnotes":""},"class_list":["post-31430","page","type-page","status-publish","hentry"],"_links":{"self":[{"href":"https:\/\/www.neuramind-ai.com\/de\/wp-json\/wp\/v2\/pages\/31430","targetHints":{"allow":["GET"]}}],"collection":[{"href":"https:\/\/www.neuramind-ai.com\/de\/wp-json\/wp\/v2\/pages"}],"about":[{"href":"https:\/\/www.neuramind-ai.com\/de\/wp-json\/wp\/v2\/types\/page"}],"author":[{"embeddable":true,"href":"https:\/\/www.neuramind-ai.com\/de\/wp-json\/wp\/v2\/users\/1"}],"replies":[{"embeddable":true,"href":"https:\/\/www.neuramind-ai.com\/de\/wp-json\/wp\/v2\/comments?post=31430"}],"version-history":[{"count":175,"href":"https:\/\/www.neuramind-ai.com\/de\/wp-json\/wp\/v2\/pages\/31430\/revisions"}],"predecessor-version":[{"id":32270,"href":"https:\/\/www.neuramind-ai.com\/de\/wp-json\/wp\/v2\/pages\/31430\/revisions\/32270"}],"wp:attachment":[{"href":"https:\/\/www.neuramind-ai.com\/de\/wp-json\/wp\/v2\/media?parent=31430"}],"curies":[{"name":"wp","href":"https:\/\/api.w.org\/{rel}","templated":true}]}}