{"id":31338,"date":"2025-05-21T15:36:48","date_gmt":"2025-05-21T15:36:48","guid":{"rendered":"https:\/\/prod.neuramind-ai.com\/?page_id=31338"},"modified":"2025-05-23T14:53:06","modified_gmt":"2025-05-23T14:53:06","slug":"mentions-legales","status":"publish","type":"page","link":"https:\/\/www.neuramind-ai.com\/de\/mentions-legales\/","title":{"rendered":"Rechtliche Hinweise"},"content":{"rendered":"<div data-elementor-type=\"wp-page\" data-elementor-id=\"31338\" class=\"elementor elementor-31338\" data-elementor-post-type=\"page\">\n\t\t\t\t<div class=\"elementor-element elementor-element-65bcc65 e-flex e-con-boxed e-con e-parent\" data-id=\"65bcc65\" data-element_type=\"container\">\n\t\t\t\t\t<div class=\"e-con-inner\">\n\t\t\t\t<div class=\"elementor-element elementor-element-c8f5acd elementor-widget elementor-widget-heading\" data-id=\"c8f5acd\" data-element_type=\"widget\" data-widget_type=\"heading.default\">\n\t\t\t\t<div class=\"elementor-widget-container\">\n\t\t\t\t\t<h1 class=\"elementor-heading-title elementor-size-default\">Rechtliche Hinweise<\/h1>\t\t\t\t<\/div>\n\t\t\t\t<\/div>\n\t\t\t\t<div class=\"elementor-element elementor-element-44810d9 elementor-widget elementor-widget-text-editor\" data-id=\"44810d9\" data-element_type=\"widget\" data-widget_type=\"text-editor.default\">\n\t\t\t\t<div class=\"elementor-widget-container\">\n\t\t\t\t\t\t\t\t\t<h3 data-start=\"230\" data-end=\"251\"><span style=\"font-size: 1rem;\">Die Seite&nbsp;<\/span><a style=\"background-color: #030b13; font-size: 1rem;\" href=\"https:\/\/www.neuramind-ai.com\/de\/\" target=\"_blank\" rel=\"noopener\"><b>neuramind-ai.com<\/b><\/a><span style=\"font-size: 1rem;\">&nbsp;wird von der Firma :<\/span><\/h3>\n<div><span style=\"font-size: 1rem;\">&nbsp;<\/span><\/div>\n<h3 data-start=\"230\" data-end=\"251\">Herausgeber der Seite<\/h3>\n<p data-start=\"252\" data-end=\"571\"><strong data-start=\"306\" data-end=\"319\">Neuramind AI<\/strong><br data-start=\"319\" data-end=\"322\">SAS, eingetragen im R.C.S. (Handelsregister) von Lorient<br data-start=\"359\" data-end=\"362\">SIRET: 94323009400014<br data-start=\"387\" data-end=\"390\">Hauptsitz: 17 rue de la Marine, 56950 Crach, Frankreich<br data-start=\"494\" data-end=\"497\">Verantwortlich f\u00fcr die Ver\u00f6ffentlichung : <strong data-start=\"529\" data-end=\"550\">Philippe Bonhomme<\/strong> (Gesetzlicher Vertreter)<\/p>\n<h3 data-start=\"573\" data-end=\"590\">Unterkunft<\/h3>\n<p data-start=\"591\" data-end=\"761\">Die Website wird gehostet von :<br data-start=\"616\" data-end=\"619\"><strong data-start=\"619\" data-end=\"644\">Infomaniak Network SA<\/strong><br data-start=\"644\" data-end=\"647\">Rue Eug\u00e8ne-Marziano 25, 1227 Les Acacias, Genf, Schweiz<br data-start=\"703\" data-end=\"706\">Standort : <a href=\"https:\/\/www.infomaniak.com\" target=\"_new\" rel=\"noopener\" data-start=\"713\" data-end=\"761\">www.infomaniak.com<\/a><\/p>\n<h3 data-start=\"763\" data-end=\"785\">Erstellung der Website<\/h3>\n<p data-start=\"786\" data-end=\"887\">Design und Entwicklung :&nbsp;<b>WETECHFORYOU<\/b><br data-start=\"840\" data-end=\"843\">Redaktionelle Leitung : <strong data-start=\"866\" data-end=\"887\">Bertrand Roger<\/strong><\/p>\n<h3 data-start=\"889\" data-end=\"919\">Geistiges Eigentum<\/h3>\n<p data-start=\"920\" data-end=\"1223\">Alle auf der Website neuramind-ai.com vorhandenen Inhalte (Texte, Bilder, Illustrationen, Videos, Logos usw.) sind ausschlie\u00dfliches Eigentum von Neuramind, sofern nicht anders angegeben. Jede vollst\u00e4ndige oder teilweise Vervielf\u00e4ltigung, Darstellung, Verbreitung oder Verwertung ohne vorherige Genehmigung ist untersagt.<\/p>\n<h3 data-start=\"1225\" data-end=\"1251\">Pers\u00f6nliche Daten<\/h3>\n<p data-start=\"1252\" data-end=\"1407\">Gem\u00e4\u00df der Allgemeinen Datenschutzverordnung (DSGVO) haben die Nutzer der Website folgende Rechte bez\u00fcglich ihrer Daten:<\/p>\n<ul data-start=\"1408\" data-end=\"1500\">\n<li data-start=\"1408\" data-end=\"1425\">\n<p data-start=\"1410\" data-end=\"1425\">Recht auf Zugang<\/p>\n<\/li>\n<li data-start=\"1426\" data-end=\"1452\">\n<p data-start=\"1428\" data-end=\"1452\">Recht auf Berichtigung<\/p>\n<\/li>\n<li data-start=\"1453\" data-end=\"1475\">\n<p data-start=\"1455\" data-end=\"1475\">Recht auf Widerspruch<\/p>\n<\/li>\n<li data-start=\"1476\" data-end=\"1500\">\n<p data-start=\"1478\" data-end=\"1500\">Recht auf L\u00f6schung<\/p>\n<\/li>\n<\/ul>\n<p data-start=\"1502\" data-end=\"1622\">Um diese Rechte auszu\u00fcben, k\u00f6nnen Sie sich an :<br data-start=\"1550\" data-end=\"1553\"><strong data-start=\"1556\" data-end=\"1580\"><a href=\"mailto:philippe@neuramind-ai.com\">philippe@neuramind-ai.com<\/a><\/strong><\/p>\n<p data-start=\"1624\" data-end=\"1797\">Ohne Zustimmung werden keine pers\u00f6nlichen Daten gesammelt. Eventuell \u00fcber Formulare gesammelte Informationen sind ausschlie\u00dflich f\u00fcr den internen Gebrauch bestimmt.<\/p>\n<h3 data-start=\"1799\" data-end=\"1812\">Cookies<\/h3>\n<p data-start=\"1813\" data-end=\"2051\">Die Seite <strong data-start=\"1774\" data-end=\"1813\">neuramind-ai.com verwendet keine Cookies<\/strong> zu Tracking-Zwecken, zur Messung des Publikums oder zu Werbezwecken. Ihr Surfverhalten wird nicht nachverfolgt.<\/p>\t\t\t\t\t\t\t\t<\/div>\n\t\t\t\t<\/div>\n\t\t\t\t\t<\/div>\n\t\t\t\t<\/div>\n\t\t\t\t<\/div>","protected":false},"excerpt":{"rendered":"<p>Rechtliche Hinweise Die Website neuramind-ai.com wird herausgegeben von der Gesellschaft: Herausgeber der Website Neuramind AISAS eingetragen im R.C.S. de LorientSIRET: 94323009400014Sitz der Gesellschaft: 17 rue de la Marine, 56950 Crach, FrankreichVerantwortlicher f\u00fcr die Ver\u00f6ffentlichung: Philippe Bonhomme (gesetzlicher Vertreter) Hosting Die Website wird gehostet von :Infomaniak Network SARue Eug\u00e8ne-Marziano 25, 1227 Les Acacias, Genf, [...]].<\/p>","protected":false},"author":1,"featured_media":0,"parent":0,"menu_order":0,"comment_status":"closed","ping_status":"closed","template":"","meta":{"footnotes":""},"class_list":["post-31338","page","type-page","status-publish","hentry"],"_links":{"self":[{"href":"https:\/\/www.neuramind-ai.com\/de\/wp-json\/wp\/v2\/pages\/31338","targetHints":{"allow":["GET"]}}],"collection":[{"href":"https:\/\/www.neuramind-ai.com\/de\/wp-json\/wp\/v2\/pages"}],"about":[{"href":"https:\/\/www.neuramind-ai.com\/de\/wp-json\/wp\/v2\/types\/page"}],"author":[{"embeddable":true,"href":"https:\/\/www.neuramind-ai.com\/de\/wp-json\/wp\/v2\/users\/1"}],"replies":[{"embeddable":true,"href":"https:\/\/www.neuramind-ai.com\/de\/wp-json\/wp\/v2\/comments?post=31338"}],"version-history":[{"count":28,"href":"https:\/\/www.neuramind-ai.com\/de\/wp-json\/wp\/v2\/pages\/31338\/revisions"}],"predecessor-version":[{"id":32141,"href":"https:\/\/www.neuramind-ai.com\/de\/wp-json\/wp\/v2\/pages\/31338\/revisions\/32141"}],"wp:attachment":[{"href":"https:\/\/www.neuramind-ai.com\/de\/wp-json\/wp\/v2\/media?parent=31338"}],"curies":[{"name":"wp","href":"https:\/\/api.w.org\/{rel}","templated":true}]}}